{"id":121,"date":"2025-10-07T21:56:52","date_gmt":"2025-10-07T21:56:52","guid":{"rendered":"https:\/\/www.gcgmaf.org\/?page_id=121"},"modified":"2026-03-29T22:42:07","modified_gmt":"2026-03-29T22:42:07","slug":"les-conseils","status":"publish","type":"page","link":"https:\/\/www.gcgmaf.org\/index.php\/les-conseils\/","title":{"rendered":"Les Conseils"},"content":{"rendered":"\n<figure class=\"wp-block-image size-full\"><img loading=\"lazy\" decoding=\"async\" width=\"971\" height=\"750\" src=\"https:\/\/www.gcgmaf.org\/wp-content\/uploads\/2026\/03\/image.png\" alt=\"\" class=\"wp-image-142\" srcset=\"https:\/\/www.gcgmaf.org\/wp-content\/uploads\/2026\/03\/image.png 971w, https:\/\/www.gcgmaf.org\/wp-content\/uploads\/2026\/03\/image-300x232.png 300w, https:\/\/www.gcgmaf.org\/wp-content\/uploads\/2026\/03\/image-768x593.png 768w\" sizes=\"auto, (max-width: 971px) 100vw, 971px\" \/><\/figure>\n\n\n\n<figure class=\"wp-block-table\"><table class=\"has-fixed-layout\"><tbody><tr><td class=\"has-text-align-left\" data-align=\"left\">Alpes et Centre<\/td><td>03 Arvernia<br>20 Sapaudia Chigin<br>21 Zorobabel Saint Etienne<br>33 Lugdunum<\/td><td>Romagnat<br>Chinin<br>Saint-Etienne<br>Vienne<\/td><td>GCGMA de France<\/td><\/tr><tr><td class=\"has-text-align-left\" data-align=\"left\">Guadeloupe<\/td><td>27 Moabon<\/td><td>Petit Bourg<\/td><td>GCGMA de France<\/td><\/tr><tr><td class=\"has-text-align-left\" data-align=\"left\">\u00celes Maurice<\/td><td>46 Saint-Louis<\/td><td>Petit Camp &#8211; Phoenix<\/td><td>GCGMA de France<\/td><\/tr><tr><td class=\"has-text-align-left\" data-align=\"left\">Itin\u00e9rant<\/td><td>44 Neuf Muses<\/td><td>Itin\u00e9rant<\/td><td>GCGMA de France<\/td><\/tr><tr><td class=\"has-text-align-left\" data-align=\"left\">Nord &amp; Est<\/td><td>04 La Cite de Salem<br>08 Stonehenge<br>13 Magna Est Veritas<br>47 Glanum Fidelis<\/td><td>Villeneuve Ascq<br>Tourgeville Dauville<br>Rancourt<br>Aix en Provence<\/td><td>GCGMA de France<\/td><\/tr><tr><td class=\"has-text-align-left\" data-align=\"left\">Nouvelle Aquitaine<\/td><td>10 Les Allies de Burdigala<br>14 Oroc Batt<br>35 Les Allies de Rupella<\/td><td>Bordeaux<br>Bayonne<br>Aytr\u00e9<\/td><td>GCGMA de France<\/td><\/tr><tr><td class=\"has-text-align-left\" data-align=\"left\">Occitanie<br><a href=\"https:\/\/gma-occitanie.assoconnect.com\/\" data-type=\"link\" data-id=\"https:\/\/gma-occitanie.assoconnect.com\/\" target=\"_blank\" rel=\"noreferrer noopener\">&gt;&gt; Site web<\/a><\/td><td>926 King Athelstan<br>01 Marca Hispanica<br>02 Occitania Metropolitan<br>11 Rosslyn<br>22 Cresdo Crespo<br>31 Montalba M\u00e9tropolitan<br>41 Humilitat<\/td><td>Andorre<br>Narbonne<br>Toulouse<br>Millau<br>Castres<br>Montauban<br>Andorra<\/td><td>GCGMA de France<\/td><\/tr><tr><td class=\"has-text-align-left\" data-align=\"left\">PACA<\/td><td>07 Herbert A. Fischer<br>15 La Ros\u00e9e de L\u2019Hermon<br>16 Saint Laurent<br>24 Ignis Ardenis<br>32 Saint-Pons<br>40 American Union<\/td><td>Eguilles<br>Al\u00e8s<br>Puget\/argens<br>Aix en Provence<br>Nice<br>Saint-Tropez<\/td><td>GCGMA de France<\/td><\/tr><tr><td class=\"has-text-align-left\" data-align=\"left\">Paris-Ile-de-France<\/td><td>05 Saint James<br>06 Epicurus<br>09 Gregoire de Tours<br>12 La Manne Cach\u00e9e<br>26 Hiram Habi<br>39 Jacques IV D&rsquo;\u00c9cosse<\/td><td>Neuilly Bineau<br>Neuilly sur Seyne<br>Fondettes<br>Croissy-Beaubourg<br>Neuilly Bineau<br>Paris Pisan<\/td><td>GCGMA de France<\/td><\/tr><tr><td class=\"has-text-align-left\" data-align=\"left\">La R\u00e9union<\/td><td>30 Saint Jacques de Bourbon<\/td><td>Saint-Clothilde<\/td><td>GCGMA de France<\/td><\/tr><\/tbody><\/table><\/figure>\n","protected":false},"excerpt":{"rendered":"<p>Alpes et Centre 03 Arvernia20 Sapaudia Chigin21 Zorobabel Saint Etienne33 Lugdunum RomagnatChininSaint-EtienneVienne GCGMA de France Guadeloupe 27 Moabon Petit Bourg GCGMA de France \u00celes Maurice 46 Saint-Louis Petit Camp &#8211; Phoenix GCGMA de France Itin\u00e9rant 44 Neuf Muses Itin\u00e9rant GCGMA de France Nord &amp; Est 04 La Cite de Salem08 Stonehenge13 Magna Est Veritas47 Glanum Fidelis Villeneuve AscqTourgeville DauvilleRancourtAix en Provence GCGMA de France Nouvelle Aquitaine 10 Les Allies de Burdigala14 Oroc Batt35 Les Allies de Rupella BordeauxBayonneAytr\u00e9 GCGMA de France Occitanie&gt;&gt; Site web 926 King Athelstan01 Marca Hispanica02 Occitania Metropolitan11 Rosslyn22 Cresdo Crespo31 Montalba M\u00e9tropolitan41 Humilitat AndorreNarbonneToulouseMillauCastresMontaubanAndorra GCGMA de France PACA 07 Herbert A. Fischer15 La Ros\u00e9e de L\u2019Hermon16 Saint Laurent24 Ignis Ardenis32 Saint-Pons40 American Union EguillesAl\u00e8sPuget\/argensAix en ProvenceNiceSaint-Tropez GCGMA de France Paris-Ile-de-France 05 Saint James06 Epicurus09 Gregoire de Tours12 La Manne Cach\u00e9e26 Hiram Habi39 Jacques IV D&rsquo;\u00c9cosse Neuilly BineauNeuilly sur SeyneFondettesCroissy-BeaubourgNeuilly BineauParis Pisan GCGMA de France La R\u00e9union 30 Saint Jacques de Bourbon Saint-Clothilde GCGMA de France<\/p>\n","protected":false},"author":1,"featured_media":0,"parent":0,"menu_order":0,"comment_status":"closed","ping_status":"closed","template":"","meta":{"footnotes":""},"class_list":["post-121","page","type-page","status-publish","hentry"],"_links":{"self":[{"href":"https:\/\/www.gcgmaf.org\/index.php\/wp-json\/wp\/v2\/pages\/121","targetHints":{"allow":["GET"]}}],"collection":[{"href":"https:\/\/www.gcgmaf.org\/index.php\/wp-json\/wp\/v2\/pages"}],"about":[{"href":"https:\/\/www.gcgmaf.org\/index.php\/wp-json\/wp\/v2\/types\/page"}],"author":[{"embeddable":true,"href":"https:\/\/www.gcgmaf.org\/index.php\/wp-json\/wp\/v2\/users\/1"}],"replies":[{"embeddable":true,"href":"https:\/\/www.gcgmaf.org\/index.php\/wp-json\/wp\/v2\/comments?post=121"}],"version-history":[{"count":4,"href":"https:\/\/www.gcgmaf.org\/index.php\/wp-json\/wp\/v2\/pages\/121\/revisions"}],"predecessor-version":[{"id":143,"href":"https:\/\/www.gcgmaf.org\/index.php\/wp-json\/wp\/v2\/pages\/121\/revisions\/143"}],"wp:attachment":[{"href":"https:\/\/www.gcgmaf.org\/index.php\/wp-json\/wp\/v2\/media?parent=121"}],"curies":[{"name":"wp","href":"https:\/\/api.w.org\/{rel}","templated":true}]}}