{"id":25,"date":"2025-09-22T22:07:00","date_gmt":"2025-09-22T22:07:00","guid":{"rendered":"https:\/\/www.gcgmaf.org\/?page_id=25"},"modified":"2026-03-29T22:42:11","modified_gmt":"2026-03-29T22:42:11","slug":"grades","status":"publish","type":"page","link":"https:\/\/www.gcgmaf.org\/index.php\/grades\/","title":{"rendered":"Grades en France"},"content":{"rendered":"\n<p class=\"has-text-align-left\"><em>Les grades pratiqu\u00e9s en France peuvent se classer en 3 cat\u00e9gories :<\/em><br>&#8211; Les cinq grades h\u00e9rit\u00e9s du Grand Conseil des GMA d\u2019Angleterre<br>&#8211; Les quatre grades transmis par le Grand Conseil des GMA d\u2019Am\u00e9rique<br>&#8211; L\u2019Ordre irlandais de la Branche Rouge d\u2019Eri &amp; l\u2019Ordre de Saint Patrick<br><\/p>\n\n\n\n<p><strong>Les cinq Grades h\u00e9rit\u00e9s du Grand Conseil d\u2019Angleterre<\/strong><\/p>\n\n\n\n<p>Cinq Grades sont pratiqu\u00e9s dans nos Conseils des Grades Ma\u00e7onniques Alli\u00e9s. Historiquement, trois se situent dans l\u2019Ancien Testament, et deux dans le Nouveau.<br>1. Le grade de Saint Ordre de Grand Haut Pr\u00eatre est d\u2019une tr\u00e8s grande richesse. La premi\u00e8re partie met en sc\u00e8ne Abraham et Melchis\u00e9dech, et la partie suivante Aaron, fr\u00e8re de Mo\u00efse, et premier Grand Pr\u00eatre d\u2019Isra\u00ebl. C\u2019est le seul grade de la s\u00e9rie qui se situe avant la construction du premier Temple.<br>2. Le grade de Grand Tuileur de Salomon est proche de celui de \u00ab\u00a0Ma\u00eetre Choisi\u00a0\u00bb de la Ma\u00e7onnerie Cryptique, ou de celui de Secr\u00e9taire Intime, 6\u00e8me grade du Rite Ecossais Ancien &amp; Accept\u00e9. Compl\u00e9mentaire du grade de Ma\u00eetre Ma\u00e7on, il est le seul grade purement \u00ab\u00a0salomonien\u00a0\u00bb de la s\u00e9rie en relatant un incident survenu lors de la construction du premier temple. On y retrouve les personnages des grades symboliques, Salomon roi d\u2019Isra\u00ebl, Hiram roi de Tyr, et Hiram Abi.<br>3. Compl\u00e9mentaire de l\u2019Arche Royale, le grade de la Croix rouge de Babylone relate le retour du peuple juif apr\u00e8s la captivit\u00e9 \u00e0 Babylone, et la construction du deuxi\u00e8me temple au temps de Zorobabel. C\u2019est une c\u00e9r\u00e9monie que l\u2019on retrouve, avec quelques variantes, dans la plupart des ateliers compl\u00e9mentaires de la Ma\u00e7onnerie\u00a0: les grades de la \u00ab\u00a0Passe de Babylone\u00a0\u00bb de l\u2019Arche Royale Ecossaise, ceux des \u00ab\u00a0Chevaliers Ma\u00e7ons\u00a0\u00bb d\u2019Irlande, mais aussi dans le 3\u00e8me Ordre du Rite Fran\u00e7ais, ou dans le 15\u00e8me grade (et suivants) du Rite Ecossais Ancien &amp; Accept\u00e9.<br>Deux autres grades se d\u00e9roulent dans les premiers si\u00e8cles de notre \u00e8re, au moment des d\u00e9buts du christianisme en Europe, et participent ainsi \u00e0 la construction de notre Temple int\u00e9rieur.<br>4. Le grade de Saint Laurent le Martyr, qui \u00e9voque l\u2019\u0153uvre du saint \u00e0 Rome, br\u00fbl\u00e9 vif sur un grill en raison de sa foi chr\u00e9tienne. Il s\u2019agit d\u2019un v\u00e9ritable grade \u00ab\u00a0op\u00e9ratif\u00a0\u00bb, utilis\u00e9 autrefois par les Ma\u00e7ons de m\u00e9tier en Angleterre.<br>5. Et enfin le grade de Chevalier de Constantinople, qui se d\u00e9roule \u00e0 l\u2019\u00e9poque de Constantin le Grand, premier empereur chr\u00e9tien du IV\u00e8me si\u00e8cle.<br><\/p>\n\n\n\n<p><strong>Les quatre Grades transmis par le Grand Conseil d\u2019Am\u00e9rique<\/strong><\/p>\n\n\n\n<p>Quatre grades compl\u00e9mentaires sont pratiqu\u00e9s dans les Conseils des Grades Ma\u00e7onniques Alli\u00e9s. Il s\u2019agit de grades \u00ab\u00a0salomoniens\u00a0\u00bb, compl\u00e9mentaires \u00e0 la Ma\u00e7onnerie symbolique, traitants d\u2019\u00e9v\u00e8nements li\u00e9s \u00e0 la construction du premier temple.<br>1. Le grade de Ma\u00eetre de Tyr, le plus \u00ab\u00a0op\u00e9ratif\u00a0\u00bb de la s\u00e9rie, peut \u00eatre consid\u00e9r\u00e9 comme le lien entre les grades de Ma\u00eetre Ma\u00e7on et de Ma\u00eetre Ma\u00e7on de Marque. Il relate les conditions dans lesquelles Hiram Abi, le fils de la Veuve, fut envoy\u00e9 au roi Salomon pour y accomplit son devoir sur le chantier du temple.<br>Les trois autres grades :<br>2. d\u2019Architecte, <br>3. Grand Architecte, et <br>4. Surintendant, <br>forment une s\u00e9rie indissociable et doivent \u00eatre conf\u00e9r\u00e9s successivement lors d\u2019une m\u00eame Tenue. Plac\u00e9s historiquement apr\u00e8s la mort d\u2019Hiram, ils relatent plusieurs phases importantes lors de la construction du premier temple, compl\u00e9tant ainsi le grade de Ma\u00eetre Ma\u00e7on.<br><\/p>\n\n\n\n<p><strong>L\u2019Ordre irlandais de la Branche Rouge d\u2019Eri<\/strong><\/p>\n\n\n\n<p class=\"has-text-align-left\">Egalement transmis par le Grand Conseil d\u2019Am\u00e9rique, cet Ordre irlandais de Chevalerie se compose de six classes\u00a0: Homme d\u2019Armes dans laquelle tous les Fr\u00e8res Alli\u00e9s sont admissibles, Ecuyer pour les Surveillants des Conseils, Chevalier pour les Souverains Ma\u00eetres en Chaire ou Pass\u00e9s, Commandeur pour la direction d\u2019un Camp Militaire de l\u2019Ordre ou Faslairt, Grand-Croix pour les Grands Officiers en charge d\u2019un territoire, et Supr\u00eame Grand-Croix pour les Souverains Grands Ma\u00eetres. Au travers de magnifiques c\u00e9r\u00e9monies comprenant des chants et des lectures de po\u00e8mes d\u2019inspiration ga\u00ebliques, l\u2019Ordre dispense un enseignement chevaleresque fond\u00e9 sur le courage, la fid\u00e9lit\u00e9, ainsi que la pratique des vertus morales.<br>Le Grand Conseil a ajout\u00e9 l\u2019Ordre de Saint Patrick \u00e0 cette s\u00e9rie, relatant l\u2019implantation du christianisme en Irlande au V\u00e8me si\u00e8cle de notre \u00e8re. Le tr\u00e8fle \u00e0 trois feuilles, embl\u00e8me du pays, est une allusion \u00e0 la Trinit\u00e9.<\/p>\n\n\n\n<p class=\"has-text-align-left\"><\/p>\n\n\n\n<figure class=\"wp-block-table\"><table class=\"has-fixed-layout\"><tbody><tr><td class=\"has-text-align-center\" data-align=\"center\"><a href=\"https:\/\/www.gcgmaf.org\/index.php\/saint-laurent-le-martyr\/\" data-type=\"page\" data-id=\"26\">Saint Laurent le Martyr<\/a><br><img loading=\"lazy\" decoding=\"async\" width=\"150\" height=\"177\" class=\"wp-image-98\" style=\"width: 150px;\" src=\"http:\/\/www.gcgmaf.org\/wp-content\/uploads\/2025\/10\/Saint-Laurent-le-Martyr.webp\" alt=\"\" srcset=\"https:\/\/www.gcgmaf.org\/wp-content\/uploads\/2025\/10\/Saint-Laurent-le-Martyr.webp 1304w, https:\/\/www.gcgmaf.org\/wp-content\/uploads\/2025\/10\/Saint-Laurent-le-Martyr-255x300.webp 255w, https:\/\/www.gcgmaf.org\/wp-content\/uploads\/2025\/10\/Saint-Laurent-le-Martyr-869x1024.webp 869w, https:\/\/www.gcgmaf.org\/wp-content\/uploads\/2025\/10\/Saint-Laurent-le-Martyr-768x905.webp 768w, https:\/\/www.gcgmaf.org\/wp-content\/uploads\/2025\/10\/Saint-Laurent-le-Martyr-1140x1343.webp 1140w\" sizes=\"auto, (max-width: 150px) 100vw, 150px\" \/><\/td><td class=\"has-text-align-center\" data-align=\"center\"><a href=\"https:\/\/www.gcgmaf.org\/index.php\/maitre-de-tyr\/\" data-type=\"page\" data-id=\"31\">Maitre de Tyr<\/a><br><img loading=\"lazy\" decoding=\"async\" width=\"150\" height=\"155\" class=\"wp-image-97\" style=\"width: 150px;\" src=\"http:\/\/www.gcgmaf.org\/wp-content\/uploads\/2025\/10\/Maitre-de-Tyr.webp\" alt=\"\"><\/td><\/tr><tr><td class=\"has-text-align-center\" data-align=\"center\"><a href=\"https:\/\/www.gcgmaf.org\/index.php\/chevaliers-de-constantinople\/\" data-type=\"page\" data-id=\"27\">Chevaliers de Constantinople<\/a><br><img loading=\"lazy\" decoding=\"async\" width=\"150\" height=\"150\" class=\"wp-image-92\" style=\"width: 150px;\" src=\"http:\/\/www.gcgmaf.org\/wp-content\/uploads\/2025\/10\/Chevaliers-de-Constantinople.webp\" alt=\"\" srcset=\"https:\/\/www.gcgmaf.org\/wp-content\/uploads\/2025\/10\/Chevaliers-de-Constantinople.webp 150w, https:\/\/www.gcgmaf.org\/wp-content\/uploads\/2025\/10\/Chevaliers-de-Constantinople-75x75.webp 75w\" sizes=\"auto, (max-width: 150px) 100vw, 150px\" \/><\/td><td class=\"has-text-align-center\" data-align=\"center\"><a href=\"https:\/\/www.gcgmaf.org\/index.php\/architecte\/\" data-type=\"page\" data-id=\"32\">Architecte<\/a><br><img loading=\"lazy\" decoding=\"async\" width=\"150\" height=\"136\" class=\"wp-image-91\" style=\"width: 150px;\" src=\"http:\/\/www.gcgmaf.org\/wp-content\/uploads\/2025\/10\/Architecte.webp\" alt=\"\"><\/td><\/tr><tr><td class=\"has-text-align-center\" data-align=\"center\"><a href=\"https:\/\/www.gcgmaf.org\/index.php\/grands-tuileurs-de-salomon\/\" data-type=\"page\" data-id=\"28\">Grands Tuileurs de Salomon<\/a><br><img loading=\"lazy\" decoding=\"async\" width=\"150\" height=\"132\" class=\"wp-image-96\" style=\"width: 150px;\" src=\"http:\/\/www.gcgmaf.org\/wp-content\/uploads\/2025\/10\/Grands-Tuileurs-de-Salomon.webp\" alt=\"\"><\/td><td class=\"has-text-align-center\" data-align=\"center\"><a href=\"https:\/\/www.gcgmaf.org\/index.php\/grand-architecte\/\" data-type=\"page\" data-id=\"33\">Grand Architecte<\/a><br><img loading=\"lazy\" decoding=\"async\" width=\"150\" height=\"129\" class=\"wp-image-94\" style=\"width: 150px;\" src=\"http:\/\/www.gcgmaf.org\/wp-content\/uploads\/2025\/10\/Grand-Architecte.webp\" alt=\"\"><\/td><\/tr><tr><td class=\"has-text-align-center\" data-align=\"center\"><a href=\"https:\/\/www.gcgmaf.org\/index.php\/croix-rouge-de-babylon\/\" data-type=\"page\" data-id=\"29\">Croix rouge de Babylon<\/a><br><img loading=\"lazy\" decoding=\"async\" width=\"150\" height=\"142\" class=\"wp-image-93\" style=\"width: 150px;\" src=\"http:\/\/www.gcgmaf.org\/wp-content\/uploads\/2025\/10\/Croix-rouge-de-Babylon.png\" alt=\"\" srcset=\"https:\/\/www.gcgmaf.org\/wp-content\/uploads\/2025\/10\/Croix-rouge-de-Babylon.png 426w, https:\/\/www.gcgmaf.org\/wp-content\/uploads\/2025\/10\/Croix-rouge-de-Babylon-300x285.png 300w\" sizes=\"auto, (max-width: 150px) 100vw, 150px\" \/><\/td><td class=\"has-text-align-center\" data-align=\"center\"><a href=\"https:\/\/www.gcgmaf.org\/index.php\/surintendant\/\" data-type=\"page\" data-id=\"34\">Surintendant<\/a><br><img loading=\"lazy\" decoding=\"async\" width=\"150\" height=\"132\" class=\"wp-image-99\" style=\"width: 150px;\" src=\"http:\/\/www.gcgmaf.org\/wp-content\/uploads\/2025\/10\/Surintendant.webp\" alt=\"\"><\/td><\/tr><tr><td class=\"has-text-align-center\" data-align=\"center\"><a href=\"https:\/\/www.gcgmaf.org\/index.php\/grand-pretre\/\" data-type=\"page\" data-id=\"30\">Grand Pr\u00eatre<\/a><br><img loading=\"lazy\" decoding=\"async\" width=\"150\" height=\"130\" class=\"wp-image-95\" style=\"width: 150px;\" src=\"http:\/\/www.gcgmaf.org\/wp-content\/uploads\/2025\/10\/grand-pretre.png\" alt=\"\" srcset=\"https:\/\/www.gcgmaf.org\/wp-content\/uploads\/2025\/10\/grand-pretre.png 440w, https:\/\/www.gcgmaf.org\/wp-content\/uploads\/2025\/10\/grand-pretre-300x260.png 300w\" sizes=\"auto, (max-width: 150px) 100vw, 150px\" \/><\/td><td class=\"has-text-align-center\" data-align=\"center\"><\/td><\/tr><\/tbody><\/table><\/figure>\n\n\n\n<p><\/p>\n","protected":false},"excerpt":{"rendered":"<p>Les grades pratiqu\u00e9s en France peuvent se classer en 3 cat\u00e9gories :&#8211; Les cinq grades h\u00e9rit\u00e9s du Grand Conseil des GMA d\u2019Angleterre&#8211; Les quatre grades transmis par le Grand Conseil des GMA d\u2019Am\u00e9rique&#8211; L\u2019Ordre irlandais de la Branche Rouge d\u2019Eri &amp; l\u2019Ordre de Saint Patrick Les cinq Grades h\u00e9rit\u00e9s du Grand Conseil d\u2019Angleterre Cinq Grades sont pratiqu\u00e9s dans nos Conseils des Grades Ma\u00e7onniques Alli\u00e9s. Historiquement, trois se situent dans l\u2019Ancien Testament, et deux dans le Nouveau.1. Le grade de Saint Ordre de Grand Haut Pr\u00eatre est d\u2019une tr\u00e8s grande richesse. La premi\u00e8re partie met en sc\u00e8ne Abraham et Melchis\u00e9dech, et la partie suivante Aaron, fr\u00e8re de Mo\u00efse, et premier Grand Pr\u00eatre d\u2019Isra\u00ebl. C\u2019est le seul grade de la s\u00e9rie qui se situe avant la construction du premier Temple.2. Le grade de Grand Tuileur de Salomon est proche de celui de \u00ab\u00a0Ma\u00eetre Choisi\u00a0\u00bb de la Ma\u00e7onnerie Cryptique, ou de celui de Secr\u00e9taire Intime, 6\u00e8me grade du Rite Ecossais Ancien &amp; Accept\u00e9. Compl\u00e9mentaire du grade de Ma\u00eetre Ma\u00e7on, il est le seul grade purement \u00ab\u00a0salomonien\u00a0\u00bb de la s\u00e9rie en relatant un incident survenu lors de la construction du premier temple. On y retrouve les personnages des grades symboliques, Salomon roi d\u2019Isra\u00ebl, Hiram roi de Tyr, et Hiram Abi.3. Compl\u00e9mentaire de l\u2019Arche Royale, le grade de la Croix rouge de Babylone relate le retour du peuple juif apr\u00e8s la captivit\u00e9 \u00e0 Babylone, et la construction du deuxi\u00e8me temple au temps de Zorobabel. C\u2019est une c\u00e9r\u00e9monie que l\u2019on retrouve, avec quelques variantes, dans la plupart des ateliers compl\u00e9mentaires de la Ma\u00e7onnerie\u00a0: les grades de la \u00ab\u00a0Passe de Babylone\u00a0\u00bb de l\u2019Arche Royale Ecossaise, ceux des \u00ab\u00a0Chevaliers Ma\u00e7ons\u00a0\u00bb d\u2019Irlande, mais aussi dans le 3\u00e8me Ordre du Rite Fran\u00e7ais, ou dans le 15\u00e8me grade (et suivants) du Rite Ecossais Ancien &amp; Accept\u00e9.Deux autres grades se d\u00e9roulent dans les premiers si\u00e8cles de notre \u00e8re, au moment des d\u00e9buts du christianisme en Europe, et participent ainsi \u00e0 la construction de notre Temple int\u00e9rieur.4. Le grade de Saint Laurent le Martyr, qui \u00e9voque l\u2019\u0153uvre du saint \u00e0 Rome, br\u00fbl\u00e9 vif sur un grill en raison de sa foi chr\u00e9tienne. Il s\u2019agit d\u2019un v\u00e9ritable grade \u00ab\u00a0op\u00e9ratif\u00a0\u00bb, utilis\u00e9 autrefois par les Ma\u00e7ons de m\u00e9tier en Angleterre.5. Et enfin le grade de Chevalier de Constantinople, qui se d\u00e9roule \u00e0 l\u2019\u00e9poque de Constantin le Grand, premier empereur chr\u00e9tien du IV\u00e8me si\u00e8cle. Les quatre Grades transmis par le Grand Conseil d\u2019Am\u00e9rique Quatre grades compl\u00e9mentaires sont pratiqu\u00e9s dans les Conseils des Grades Ma\u00e7onniques Alli\u00e9s. Il s\u2019agit de grades \u00ab\u00a0salomoniens\u00a0\u00bb, compl\u00e9mentaires \u00e0 la Ma\u00e7onnerie symbolique, traitants d\u2019\u00e9v\u00e8nements li\u00e9s \u00e0 la construction du premier temple.1. Le grade de Ma\u00eetre de Tyr, le plus \u00ab\u00a0op\u00e9ratif\u00a0\u00bb de la s\u00e9rie, peut \u00eatre consid\u00e9r\u00e9 comme le lien entre les grades de Ma\u00eetre Ma\u00e7on et de Ma\u00eetre Ma\u00e7on de Marque. Il relate les conditions dans lesquelles Hiram Abi, le fils de la Veuve, fut envoy\u00e9 au roi Salomon pour y accomplit son devoir sur le chantier du temple.Les trois autres grades :2. d\u2019Architecte, 3. Grand Architecte, et 4. Surintendant, forment une s\u00e9rie indissociable et doivent \u00eatre conf\u00e9r\u00e9s successivement lors d\u2019une m\u00eame Tenue. Plac\u00e9s historiquement apr\u00e8s la mort d\u2019Hiram, ils relatent plusieurs phases importantes lors de la construction du premier temple, compl\u00e9tant ainsi le grade de Ma\u00eetre Ma\u00e7on. L\u2019Ordre irlandais de la Branche Rouge d\u2019Eri Egalement transmis par le Grand Conseil d\u2019Am\u00e9rique, cet Ordre irlandais de Chevalerie se compose de six classes\u00a0: Homme d\u2019Armes dans laquelle tous les Fr\u00e8res Alli\u00e9s sont admissibles, Ecuyer pour les Surveillants des Conseils, Chevalier pour les Souverains Ma\u00eetres en Chaire ou Pass\u00e9s, Commandeur pour la direction d\u2019un Camp Militaire de l\u2019Ordre ou Faslairt, Grand-Croix pour les Grands Officiers en charge d\u2019un territoire, et Supr\u00eame Grand-Croix pour les Souverains Grands Ma\u00eetres. Au travers de magnifiques c\u00e9r\u00e9monies comprenant des chants et des lectures de po\u00e8mes d\u2019inspiration ga\u00ebliques, l\u2019Ordre dispense un enseignement chevaleresque fond\u00e9 sur le courage, la fid\u00e9lit\u00e9, ainsi que la pratique des vertus morales.Le Grand Conseil a ajout\u00e9 l\u2019Ordre de Saint Patrick \u00e0 cette s\u00e9rie, relatant l\u2019implantation du christianisme en Irlande au V\u00e8me si\u00e8cle de notre \u00e8re. Le tr\u00e8fle \u00e0 trois feuilles, embl\u00e8me du pays, est une allusion \u00e0 la Trinit\u00e9. Saint Laurent le Martyr Maitre de Tyr Chevaliers de Constantinople Architecte Grands Tuileurs de Salomon Grand Architecte Croix rouge de Babylon Surintendant Grand Pr\u00eatre<\/p>\n","protected":false},"author":1,"featured_media":0,"parent":0,"menu_order":0,"comment_status":"closed","ping_status":"closed","template":"","meta":{"footnotes":""},"class_list":["post-25","page","type-page","status-publish","hentry"],"_links":{"self":[{"href":"https:\/\/www.gcgmaf.org\/index.php\/wp-json\/wp\/v2\/pages\/25","targetHints":{"allow":["GET"]}}],"collection":[{"href":"https:\/\/www.gcgmaf.org\/index.php\/wp-json\/wp\/v2\/pages"}],"about":[{"href":"https:\/\/www.gcgmaf.org\/index.php\/wp-json\/wp\/v2\/types\/page"}],"author":[{"embeddable":true,"href":"https:\/\/www.gcgmaf.org\/index.php\/wp-json\/wp\/v2\/users\/1"}],"replies":[{"embeddable":true,"href":"https:\/\/www.gcgmaf.org\/index.php\/wp-json\/wp\/v2\/comments?post=25"}],"version-history":[{"count":10,"href":"https:\/\/www.gcgmaf.org\/index.php\/wp-json\/wp\/v2\/pages\/25\/revisions"}],"predecessor-version":[{"id":144,"href":"https:\/\/www.gcgmaf.org\/index.php\/wp-json\/wp\/v2\/pages\/25\/revisions\/144"}],"wp:attachment":[{"href":"https:\/\/www.gcgmaf.org\/index.php\/wp-json\/wp\/v2\/media?parent=25"}],"curies":[{"name":"wp","href":"https:\/\/api.w.org\/{rel}","templated":true}]}}