{"id":27,"date":"2025-09-22T22:07:00","date_gmt":"2025-09-22T22:07:00","guid":{"rendered":"https:\/\/www.gcgmaf.org\/?page_id=27"},"modified":"2025-10-01T21:56:31","modified_gmt":"2025-10-01T21:56:31","slug":"chevaliers-de-constantinople","status":"publish","type":"page","link":"https:\/\/www.gcgmaf.org\/index.php\/chevaliers-de-constantinople\/","title":{"rendered":"Chevaliers de Constantinople"},"content":{"rendered":"\n<p><strong>Description du Grade<\/strong><br>Le grade de Chevalier de Constantinople est l&rsquo;un des cinq degr\u00e9s conf\u00e9r\u00e9s au sein des Degr\u00e9s Ma\u00e7onniques Alli\u00e9s en Angleterre. La c\u00e9r\u00e9monie se d\u00e9roule dans la salle du tr\u00f4ne de l&#8217;empereur Constantin le Grand \u00e0 Constantinople.<br>Le rituel met en sc\u00e8ne une l\u00e9gende dans laquelle l&#8217;empereur, par un subterfuge, cherche \u00e0 enseigner une le\u00e7on morale \u00e0 un groupe de nobles de sa cour. \u00c0 travers un dialogue et une s\u00e9rie d&rsquo;\u00e9v\u00e9nements symboliques, Constantin expose la vanit\u00e9 de l&rsquo;orgueil et de la pr\u00e9tention sociale. Il d\u00e9montre que, d\u00e9pouill\u00e9 de ses titres et de ses richesses, l&rsquo;homme n&rsquo;est que l&rsquo;\u00e9gal de ses semblables. Le grade est simple, direct et sa le\u00e7on est particuli\u00e8rement marquante.<\/p>\n\n\n\n<p><strong>Historique du Grade<\/strong><br>Le grade de Chevalier de Constantinople est un ancien grade ma\u00e7onnique dont les origines sont quelque peu obscures, mais il \u00e9tait certainement pratiqu\u00e9 en Angleterre et en Am\u00e9rique d\u00e8s la fin du XVIIIe si\u00e8cle. Il faisait partie des nombreux \u00ab\u00a0grades secondaires\u00a0\u00bb qui \u00e9taient souvent conf\u00e9r\u00e9s sous l&rsquo;autorit\u00e9 d&rsquo;une loge ou d&rsquo;un chapitre sans structure administrative propre.<br>Avec la cr\u00e9ation du Grand Conseil des Degr\u00e9s Ma\u00e7onniques Alli\u00e9s en 1879, ce grade, comme d&rsquo;autres qui risquaient de tomber dans l&rsquo;oubli, a \u00e9t\u00e9 recueilli et pr\u00e9serv\u00e9. Il a \u00e9t\u00e9 officiellement int\u00e9gr\u00e9 comme l&rsquo;un des cinq grades fondamentaux du syst\u00e8me, assurant ainsi sa p\u00e9rennit\u00e9 et sa pratique uniforme.<\/p>\n\n\n\n<p><strong>Grandes Valeurs Enseign\u00e9es<\/strong><br>Le grade de Chevalier de Constantinople, bien que bref, v\u00e9hicule des le\u00e7ons morales fondamentales et puissantes. Les principales valeurs enseign\u00e9es sont :<br>L&rsquo;Humilit\u00e9 : C&rsquo;est la vertu cardinale de ce grade. Il enseigne la n\u00e9cessit\u00e9 de se d\u00e9faire de l&rsquo;orgueil et de la fausse fiert\u00e9 li\u00e9e au rang social ou \u00e0 la richesse.<br>L&rsquo;\u00c9galit\u00e9 : Le rituel souligne l&rsquo;\u00e9galit\u00e9 fondamentale de tous les hommes. Il rappelle que, quelles que soient leurs positions dans la soci\u00e9t\u00e9 profane, tous les fr\u00e8res se rencontrent sur le m\u00eame niveau.<br>La Justice : Constantin, en tant que figure d&rsquo;autorit\u00e9, utilise son pouvoir pour dispenser une le\u00e7on de justice morale plut\u00f4t que punitive, montrant qu&rsquo;un vrai chef doit guider par la sagesse.<br>La Vertu sur les Apparences : Le grade met en \u00e9vidence que la v\u00e9ritable valeur d&rsquo;un homme r\u00e9side dans son caract\u00e8re et ses vertus, et non dans ses possessions mat\u00e9rielles ou ses titres honorifiques.<\/p>\n","protected":false},"excerpt":{"rendered":"<p>Description du GradeLe grade de Chevalier de Constantinople est l&rsquo;un des cinq degr\u00e9s conf\u00e9r\u00e9s au sein des Degr\u00e9s Ma\u00e7onniques Alli\u00e9s en Angleterre. La c\u00e9r\u00e9monie se d\u00e9roule dans la salle du tr\u00f4ne de l&#8217;empereur Constantin le Grand \u00e0 Constantinople.Le rituel met en sc\u00e8ne une l\u00e9gende dans laquelle l&#8217;empereur, par un subterfuge, cherche \u00e0 enseigner une le\u00e7on morale \u00e0 un groupe de nobles de sa cour. \u00c0 travers un dialogue et une s\u00e9rie d&rsquo;\u00e9v\u00e9nements symboliques, Constantin expose la vanit\u00e9 de l&rsquo;orgueil et de la pr\u00e9tention sociale. Il d\u00e9montre que, d\u00e9pouill\u00e9 de ses titres et de ses richesses, l&rsquo;homme n&rsquo;est que l&rsquo;\u00e9gal de ses semblables. Le grade est simple, direct et sa le\u00e7on est particuli\u00e8rement marquante. Historique du GradeLe grade de Chevalier de Constantinople est un ancien grade ma\u00e7onnique dont les origines sont quelque peu obscures, mais il \u00e9tait certainement pratiqu\u00e9 en Angleterre et en Am\u00e9rique d\u00e8s la fin du XVIIIe si\u00e8cle. Il faisait partie des nombreux \u00ab\u00a0grades secondaires\u00a0\u00bb qui \u00e9taient souvent conf\u00e9r\u00e9s sous l&rsquo;autorit\u00e9 d&rsquo;une loge ou d&rsquo;un chapitre sans structure administrative propre.Avec la cr\u00e9ation du Grand Conseil des Degr\u00e9s Ma\u00e7onniques Alli\u00e9s en 1879, ce grade, comme d&rsquo;autres qui risquaient de tomber dans l&rsquo;oubli, a \u00e9t\u00e9 recueilli et pr\u00e9serv\u00e9. Il a \u00e9t\u00e9 officiellement int\u00e9gr\u00e9 comme l&rsquo;un des cinq grades fondamentaux du syst\u00e8me, assurant ainsi sa p\u00e9rennit\u00e9 et sa pratique uniforme. Grandes Valeurs Enseign\u00e9esLe grade de Chevalier de Constantinople, bien que bref, v\u00e9hicule des le\u00e7ons morales fondamentales et puissantes. Les principales valeurs enseign\u00e9es sont :L&rsquo;Humilit\u00e9 : C&rsquo;est la vertu cardinale de ce grade. Il enseigne la n\u00e9cessit\u00e9 de se d\u00e9faire de l&rsquo;orgueil et de la fausse fiert\u00e9 li\u00e9e au rang social ou \u00e0 la richesse.L&rsquo;\u00c9galit\u00e9 : Le rituel souligne l&rsquo;\u00e9galit\u00e9 fondamentale de tous les hommes. Il rappelle que, quelles que soient leurs positions dans la soci\u00e9t\u00e9 profane, tous les fr\u00e8res se rencontrent sur le m\u00eame niveau.La Justice : Constantin, en tant que figure d&rsquo;autorit\u00e9, utilise son pouvoir pour dispenser une le\u00e7on de justice morale plut\u00f4t que punitive, montrant qu&rsquo;un vrai chef doit guider par la sagesse.La Vertu sur les Apparences : Le grade met en \u00e9vidence que la v\u00e9ritable valeur d&rsquo;un homme r\u00e9side dans son caract\u00e8re et ses vertus, et non dans ses possessions mat\u00e9rielles ou ses titres honorifiques.<\/p>\n","protected":false},"author":1,"featured_media":0,"parent":0,"menu_order":0,"comment_status":"closed","ping_status":"closed","template":"","meta":{"footnotes":""},"class_list":["post-27","page","type-page","status-publish","hentry"],"_links":{"self":[{"href":"https:\/\/www.gcgmaf.org\/index.php\/wp-json\/wp\/v2\/pages\/27","targetHints":{"allow":["GET"]}}],"collection":[{"href":"https:\/\/www.gcgmaf.org\/index.php\/wp-json\/wp\/v2\/pages"}],"about":[{"href":"https:\/\/www.gcgmaf.org\/index.php\/wp-json\/wp\/v2\/types\/page"}],"author":[{"embeddable":true,"href":"https:\/\/www.gcgmaf.org\/index.php\/wp-json\/wp\/v2\/users\/1"}],"replies":[{"embeddable":true,"href":"https:\/\/www.gcgmaf.org\/index.php\/wp-json\/wp\/v2\/comments?post=27"}],"version-history":[{"count":2,"href":"https:\/\/www.gcgmaf.org\/index.php\/wp-json\/wp\/v2\/pages\/27\/revisions"}],"predecessor-version":[{"id":112,"href":"https:\/\/www.gcgmaf.org\/index.php\/wp-json\/wp\/v2\/pages\/27\/revisions\/112"}],"wp:attachment":[{"href":"https:\/\/www.gcgmaf.org\/index.php\/wp-json\/wp\/v2\/media?parent=27"}],"curies":[{"name":"wp","href":"https:\/\/api.w.org\/{rel}","templated":true}]}}