{"id":30,"date":"2025-09-22T22:07:00","date_gmt":"2025-09-22T22:07:00","guid":{"rendered":"https:\/\/www.gcgmaf.org\/?page_id=30"},"modified":"2025-10-01T21:51:46","modified_gmt":"2025-10-01T21:51:46","slug":"grand-pretre","status":"publish","type":"page","link":"https:\/\/www.gcgmaf.org\/index.php\/grand-pretre\/","title":{"rendered":"Grand Pr\u00eatre"},"content":{"rendered":"\n<p><strong>Description du Grade<\/strong><br>Le grade de Grand Pr\u00eatre est le dernier des cinq degr\u00e9s conf\u00e9r\u00e9s au sein des Degr\u00e9s Ma\u00e7onniques Alli\u00e9s en Angleterre. Il se distingue des autres car il est g\u00e9n\u00e9ralement r\u00e9serv\u00e9 aux Ma\u00eetres Ma\u00e7ons install\u00e9s qui ont d\u00e9j\u00e0 servi comme Ma\u00eetre V\u00e9n\u00e9rable d&rsquo;une loge des Degr\u00e9s Ma\u00e7onniques Alli\u00e9s.<br>La c\u00e9r\u00e9monie est bas\u00e9e sur le r\u00e9cit biblique de la rencontre entre Abraham et Melchis\u00e9dek, le roi et grand pr\u00eatre de Salem, comme d\u00e9crit dans le Livre de la Gen\u00e8se. Le rituel est de nature solennelle et sacerdotale. Il explore les qualifications et les devoirs d&rsquo;un chef spirituel, en s&rsquo;appuyant sur l&rsquo;exemple de Melchis\u00e9dek qui offrit le pain et le vin. Le grade a pour but d&rsquo;honorer et de consacrer un fr\u00e8re pour son service pass\u00e9 et de le pr\u00e9parer \u00e0 continuer \u00e0 guider et instruire ses fr\u00e8res.<\/p>\n\n\n\n<p><strong>Historique du Grade<\/strong><br>Les origines du grade de Grand Pr\u00eatre sont anciennes et, comme beaucoup d&rsquo;autres, difficiles \u00e0 tracer avec une certitude absolue. Des versions d&rsquo;un grade sacerdotal bas\u00e9 sur l&rsquo;ordre de Melchis\u00e9dek existaient d\u00e8s le XVIIIe si\u00e8cle. Il \u00e9tait souvent conf\u00e9r\u00e9 de mani\u00e8re informelle aux Ma\u00eetres de loge ou aux principaux d&rsquo;un Chapitre de l&rsquo;Arche Royale comme une sorte de distinction honorifique.<br>En Am\u00e9rique, un grade similaire (l&rsquo;Ordre de la Haute Pr\u00eatrise) est conf\u00e9r\u00e9 aux anciens Grands Pr\u00eatres des Chapitres de l&rsquo;Arche Royale. En Angleterre, le grade a \u00e9t\u00e9 formalis\u00e9 et pr\u00e9serv\u00e9 en \u00e9tant int\u00e9gr\u00e9 au syst\u00e8me des Degr\u00e9s Ma\u00e7onniques Alli\u00e9s lors de leur formation en 1879. Cette int\u00e9gration lui a donn\u00e9 une structure stable et en a fait le couronnement de la s\u00e9rie des cinq grades.<\/p>\n\n\n\n<p><strong>Grandes Valeurs Enseign\u00e9es<\/strong><br>Ce grade, par sa nature honorifique et sacerdotale, renforce des valeurs sp\u00e9cifiques li\u00e9es au leadership et \u00e0 la spiritualit\u00e9. Les principales valeurs enseign\u00e9es sont :<br>Le Service et le Leadership : Le grade est une reconnaissance du service rendu. Il enseigne qu&rsquo;un vrai chef doit \u00eatre un serviteur de ses fr\u00e8res, les guidant avec sagesse et humilit\u00e9.<br>La Pi\u00e9t\u00e9 et la R\u00e9v\u00e9rence : En se concentrant sur la figure de Melchis\u00e9dek, le rituel souligne l&rsquo;importance de la pi\u00e9t\u00e9, de la foi et du respect envers le divin.<br>La B\u00e9n\u00e9diction et l&rsquo;Hospitalit\u00e9 : La c\u00e9r\u00e9monie met en avant l&rsquo;acte de b\u00e9nir les autres et de partager, symbolis\u00e9 par l&rsquo;offrande du pain et du vin, enseignant ainsi la g\u00e9n\u00e9rosit\u00e9 et l&rsquo;hospitalit\u00e9.<br>La Transmission du Savoir : En tant que Grand Pr\u00eatre, le r\u00e9cipiendaire est symboliquement charg\u00e9 de pr\u00e9server et de transmettre la connaissance et la tradition sacr\u00e9e \u00e0 la g\u00e9n\u00e9ration suivante.<\/p>\n","protected":false},"excerpt":{"rendered":"<p>Description du GradeLe grade de Grand Pr\u00eatre est le dernier des cinq degr\u00e9s conf\u00e9r\u00e9s au sein des Degr\u00e9s Ma\u00e7onniques Alli\u00e9s en Angleterre. Il se distingue des autres car il est g\u00e9n\u00e9ralement r\u00e9serv\u00e9 aux Ma\u00eetres Ma\u00e7ons install\u00e9s qui ont d\u00e9j\u00e0 servi comme Ma\u00eetre V\u00e9n\u00e9rable d&rsquo;une loge des Degr\u00e9s Ma\u00e7onniques Alli\u00e9s.La c\u00e9r\u00e9monie est bas\u00e9e sur le r\u00e9cit biblique de la rencontre entre Abraham et Melchis\u00e9dek, le roi et grand pr\u00eatre de Salem, comme d\u00e9crit dans le Livre de la Gen\u00e8se. Le rituel est de nature solennelle et sacerdotale. Il explore les qualifications et les devoirs d&rsquo;un chef spirituel, en s&rsquo;appuyant sur l&rsquo;exemple de Melchis\u00e9dek qui offrit le pain et le vin. Le grade a pour but d&rsquo;honorer et de consacrer un fr\u00e8re pour son service pass\u00e9 et de le pr\u00e9parer \u00e0 continuer \u00e0 guider et instruire ses fr\u00e8res. Historique du GradeLes origines du grade de Grand Pr\u00eatre sont anciennes et, comme beaucoup d&rsquo;autres, difficiles \u00e0 tracer avec une certitude absolue. Des versions d&rsquo;un grade sacerdotal bas\u00e9 sur l&rsquo;ordre de Melchis\u00e9dek existaient d\u00e8s le XVIIIe si\u00e8cle. Il \u00e9tait souvent conf\u00e9r\u00e9 de mani\u00e8re informelle aux Ma\u00eetres de loge ou aux principaux d&rsquo;un Chapitre de l&rsquo;Arche Royale comme une sorte de distinction honorifique.En Am\u00e9rique, un grade similaire (l&rsquo;Ordre de la Haute Pr\u00eatrise) est conf\u00e9r\u00e9 aux anciens Grands Pr\u00eatres des Chapitres de l&rsquo;Arche Royale. En Angleterre, le grade a \u00e9t\u00e9 formalis\u00e9 et pr\u00e9serv\u00e9 en \u00e9tant int\u00e9gr\u00e9 au syst\u00e8me des Degr\u00e9s Ma\u00e7onniques Alli\u00e9s lors de leur formation en 1879. Cette int\u00e9gration lui a donn\u00e9 une structure stable et en a fait le couronnement de la s\u00e9rie des cinq grades. Grandes Valeurs Enseign\u00e9esCe grade, par sa nature honorifique et sacerdotale, renforce des valeurs sp\u00e9cifiques li\u00e9es au leadership et \u00e0 la spiritualit\u00e9. Les principales valeurs enseign\u00e9es sont :Le Service et le Leadership : Le grade est une reconnaissance du service rendu. Il enseigne qu&rsquo;un vrai chef doit \u00eatre un serviteur de ses fr\u00e8res, les guidant avec sagesse et humilit\u00e9.La Pi\u00e9t\u00e9 et la R\u00e9v\u00e9rence : En se concentrant sur la figure de Melchis\u00e9dek, le rituel souligne l&rsquo;importance de la pi\u00e9t\u00e9, de la foi et du respect envers le divin.La B\u00e9n\u00e9diction et l&rsquo;Hospitalit\u00e9 : La c\u00e9r\u00e9monie met en avant l&rsquo;acte de b\u00e9nir les autres et de partager, symbolis\u00e9 par l&rsquo;offrande du pain et du vin, enseignant ainsi la g\u00e9n\u00e9rosit\u00e9 et l&rsquo;hospitalit\u00e9.La Transmission du Savoir : En tant que Grand Pr\u00eatre, le r\u00e9cipiendaire est symboliquement charg\u00e9 de pr\u00e9server et de transmettre la connaissance et la tradition sacr\u00e9e \u00e0 la g\u00e9n\u00e9ration suivante.<\/p>\n","protected":false},"author":1,"featured_media":0,"parent":0,"menu_order":0,"comment_status":"closed","ping_status":"closed","template":"","meta":{"footnotes":""},"class_list":["post-30","page","type-page","status-publish","hentry"],"_links":{"self":[{"href":"https:\/\/www.gcgmaf.org\/index.php\/wp-json\/wp\/v2\/pages\/30","targetHints":{"allow":["GET"]}}],"collection":[{"href":"https:\/\/www.gcgmaf.org\/index.php\/wp-json\/wp\/v2\/pages"}],"about":[{"href":"https:\/\/www.gcgmaf.org\/index.php\/wp-json\/wp\/v2\/types\/page"}],"author":[{"embeddable":true,"href":"https:\/\/www.gcgmaf.org\/index.php\/wp-json\/wp\/v2\/users\/1"}],"replies":[{"embeddable":true,"href":"https:\/\/www.gcgmaf.org\/index.php\/wp-json\/wp\/v2\/comments?post=30"}],"version-history":[{"count":2,"href":"https:\/\/www.gcgmaf.org\/index.php\/wp-json\/wp\/v2\/pages\/30\/revisions"}],"predecessor-version":[{"id":108,"href":"https:\/\/www.gcgmaf.org\/index.php\/wp-json\/wp\/v2\/pages\/30\/revisions\/108"}],"wp:attachment":[{"href":"https:\/\/www.gcgmaf.org\/index.php\/wp-json\/wp\/v2\/media?parent=30"}],"curies":[{"name":"wp","href":"https:\/\/api.w.org\/{rel}","templated":true}]}}