{"id":36,"date":"2025-09-22T22:07:00","date_gmt":"2025-09-22T22:07:00","guid":{"rendered":"https:\/\/www.gcgmaf.org\/?page_id=36"},"modified":"2026-03-29T22:34:04","modified_gmt":"2026-03-29T22:34:04","slug":"accueil","status":"publish","type":"page","link":"https:\/\/www.gcgmaf.org\/index.php\/accueil\/","title":{"rendered":"Histoire"},"content":{"rendered":"\n<p class=\"has-text-align-left\"><strong>Historique de l\u2019Ordre des Grades Ma\u00e7onniques Alli\u00e9s en Angleterre, aux Etats-Unis, et en France<\/strong><\/p>\n\n\n\n<p class=\"has-text-align-left\">Le bref historique qui suit est essentiellement tir\u00e9 de : \u00ab\u00a0The Order of the Allied Masonic Degrees\u00a0\u00bb par Harold H. Prestige publi\u00e9 en 1979; et de : \u00ab\u00a0A Centennial History of the Allied Masonic Degrees of the United States of America 1892-1992\u00a0\u00bb, par William G. Peacher, paru en 1993.<br>En 1717, quand les quatre c\u00e9l\u00e8bres Loges londoniennes fond\u00e8rent la premi\u00e8re Grande Loge dans la taverne de l\u2019\u00ab\u00a0Oie et du Gril\u00a0\u00bb, leurs c\u00e9r\u00e9monies privil\u00e9giaient certains \u00e9v\u00e8nements marquants de la construction du Temple du Roi Salomon, alors que la plupart des Loges op\u00e9ratives baignaient dans un corpus l\u00e9gendaire d\u2019une incomparable vari\u00e9t\u00e9 qui appara\u00eet encore \u00e0 la lecture des \u00ab\u00a0Old Charges\u00a0\u00bb.<br>Les directives de la jeune Grande Loge ne purent emp\u00eacher la transmission de ces rituels locaux peu r\u00e9pandus par certains de leurs membres qui ne souhaitaient pas voir dispara\u00eetre des pratiques auxquelles ils \u00e9taient fort attach\u00e9s, au b\u00e9n\u00e9fice de l\u2019uniformit\u00e9. L\u2019int\u00e9r\u00eat pour ces rituels connut un r\u00e9el renouveau lorsque fut fond\u00e9e en 1751 la Grande Loge des Anciens, en r\u00e9action \u00e0 l\u2019attitude centralisatrice de la Grande Loge de Londres. Cette Grande Loge des Anciens laissait, en effet, toute latitude \u00e0 ses Loges pour user de leur patente aux fins de travailler tous les grades ma\u00e7onniques en possession de l\u2019un ou l\u2019autre de leurs membres.<br>La Ma\u00e7onnerie, apr\u00e8s avoir travers\u00e9 la Manche, s\u2019implanta sur le continent o\u00f9 elle connut un succ\u00e8s foudroyant et donna naissance \u00e0 quelques 1400 grades dont beaucoup ne sont que des variantes les uns des autres. Ces grades circul\u00e8rent \u00e0 travers toute l\u2019Europe et certains retourn\u00e8rent m\u00eame en Angleterre, berceau historique de la Ma\u00e7onnerie.<br>Bien avant l\u2019Acte d\u2019Union de 1813, plusieurs corps ma\u00e7onniques furent constitu\u00e9s. Thomas Dunckerley organisa les Chevaliers du Temple en 1791\u00a0; et les Nautoniers de l\u2019Arche Royale en 1793. Deux autres organisations locales virent le jour : le \u00ab\u00a0Camp de Baldwyn\u00a0\u00bb (Baudouin) \u00e0 Bristol en 1780, et l\u2019\u00ab\u00a0Ordre Illustre des Chevaliers Grands-Croix de J\u00e9rusalem\u00a0\u00bb \u00e0 Newcastle-upon-Tyne, vers la fin des ann\u00e9es 1790.<br>Suite \u00e0 l\u2019Union des deux Grandes Loges rivales, le Grand Ma\u00eetre, le Duc de Sussex, freina toute tentative d\u2019organisation de grades autres que les trois de la Ma\u00e7onnerie symbolique, et de leur compl\u00e9ment\u00a0: l\u2019Arche Royale. Ce n\u2019est qu\u2019apr\u00e8s son d\u00e9c\u00e8s en 1843 qu\u2019on put envisager de revigorer d\u2019autres grades.<br>La \u00ab\u00a0Grande Loge des Ma\u00eetres Ma\u00e7ons de Marque\u00a0\u00bb fut fond\u00e9e en juin 1856, apr\u00e8s une tentative infructueuse d\u2019inclure le grade de Marque dans le corpus de la Ma\u00e7onnerie symbolique, comme c\u2019est le cas en Ecosse.<br>Le \u00ab\u00a0Grand Conclave Imp\u00e9rial de la Croix Rouge de Rome et de Constantin\u00a0\u00bb fut \u00ab\u00a0reconstitu\u00e9\u00a0\u00bb en 1865.<br>Le 9 ao\u00fbt 1879, veille de la f\u00eate de Saint Laurent, et \u00e0 l\u2019instigation de la Loge de \u00ab\u00a0Saint Laurent Metropolitan\u00a0\u00bb \u00e0 Londres, fut cr\u00e9\u00e9 le Conseil des Grades Collat\u00e9raux (ou Side Degrees) qui l\u2019ann\u00e9e suivante changea son nom en \u00ab\u00a0Grand Conseil des Grades Ma\u00e7onniques Alli\u00e9s\u00a0\u00bb.<br>En 1870, existaient en plus de ces corps souverains :<\/p>\n\n\n\n<ul class=\"wp-block-list\">\n<li>La \u00ab\u00a0Grande loge des Ma\u00e7ons de Saint Laurent\u00a0\u00bb dans le Lancashire,<\/li>\n<\/ul>\n\n\n\n<ul class=\"wp-block-list\">\n<li>Le \u00ab\u00a0Tabernacle M\u00e8re de la Grande Pr\u00eatrise\u00a0\u00bb \u00e0 Manchester,<\/li>\n<\/ul>\n\n\n\n<ul class=\"wp-block-list\">\n<li>Le \u00ab\u00a0Grand Conseil \u2018Saint Aubyn\u2019 de l\u2019Ordre Ancien et Honorable des Chevaliers de Constantinople\u00a0\u00bb \u00e0 Plymouth et dans le comt\u00e9 du Devon, et<\/li>\n<\/ul>\n\n\n\n<ul class=\"wp-block-list\">\n<li>Le \u00ab\u00a0Grand Conseil de la Croix Rouge de Babylone\u00a0\u00bb, ayant autorit\u00e9 sur des Conseils \u00e0 Lancaster, Leigh et Liverpool.<\/li>\n<\/ul>\n\n\n\n<p>Divers autres grades vinrent se placer sous la juridiction du nouveau Grand Conseil au cours des ann\u00e9es qui suivirent.<br>Un conflit dut cependant \u00eatre r\u00e9gl\u00e9. Le Supr\u00eame Conseil d\u2019Angleterre du Rite Ecossais Ancien &amp; Accept\u00e9 contestait la pratique du Grade de la Croix Rouge de Babylone, au pr\u00e9texte qu\u2019il figurait aux 14\u00e8me et 15\u00e8me degr\u00e9s de leur s\u00e9rie. Cette pr\u00e9tention fut toutefois abandonn\u00e9e et donna lieu \u00e0 un accord sign\u00e9 le 24 juillet 1893.<br>La m\u00eame ann\u00e9e, le Grand Conseil obtint du Tabernacle \u00ab\u00a0Royal Kent\u00a0\u00bb de Newcastle une impressionnante s\u00e9rie de grades et Ordres, dont le plus significatif \u00e9tait celui de \u00ab\u00a0Chevalier du Temple Pr\u00eatre de la Sainte Arche Royale\u00a0\u00bb, ou \u00ab\u00a0Ordre de la Sainte Sagesse\u00a0\u00bb. A la suite de n\u00e9gociations avort\u00e9es sur le possible transfert de cet Ordre sous l\u2019autorit\u00e9 du Grand Prieur\u00e9 du Temple, c\u2019est finalement en mai 1923 que se constitua en tant que corps souverain le \u00ab\u00a0Grand Coll\u00e8ge des Chevaliers du Temple Pr\u00eatres de la Sainte Arche Royale\u00a0\u00bb. Le Grand Conseil abandonna sa juridiction sur ces grades le 17 novembre 1924.<br>Pendant trente-sept ans, de 1894 \u00e0 1931, le Grand Conseil administra l\u2019Ordre du Moniteur Secret qui lui avait \u00e9t\u00e9 transmis par le Grand Coll\u00e8ge am\u00e9ricain, rival du \u00ab\u00a0Grand Conseil de l\u2019Ordre du Moniteur Secret\u00a0\u00bb fond\u00e9 en 1887 en Angleterre par le Dr. Isaachar Zacharie.<br>En 1909 fut d\u00e9finitivement r\u00e9gl\u00e9 l\u2019int\u00e9gration du grade de Chevalier de Constantinople dont un Grand Conseil souverain tentait difficilement d\u2019exister depuis 1866 \u00e0 Plymouth.<br>Aux Etats-Unis, le R\u00e9v\u00e9rend Hartley Carmichael fonda le 14 janvier 1892 \u00e0 Richmond, en Virginie, le \u00ab\u00a0Souverain Coll\u00e8ge des Grades Alli\u00e9s Ma\u00e7onniques et Chr\u00e9tiens\u00a0\u00bb avec quelques ma\u00e7ons \u00e9minents auxquels il avait communiqu\u00e9 un certain nombre de grades pr\u00e9alablement re\u00e7us dans l\u2019Ontario, au Canada. Ce Souverain Grand Coll\u00e8ge administrait \u00e0 l\u2019\u00e9poque une quinzaine de grades dont certains rituels n\u2019ont pas \u00e9t\u00e9 retrouv\u00e9s.<br>Le R\u00e9v\u00e9rend Carmichael prit imm\u00e9diatement contact avec le Grand Conseil d\u2019Angleterre et se fit communiquer par le Comte d\u2019Euston, alors Grand Ma\u00eetre, le texte des rituels anglais. Les deux Grands Ma\u00eetres s\u2019\u00e9chang\u00e8rent en outre des patentes de Garants d\u2019Amiti\u00e9 aupr\u00e8s de leurs juridictions respectives.<br>Il conf\u00e9ra de plus le grade de Grand Tuileur de Salomon \u00e0 Charles Fitzgerald Matier, Grand Secr\u00e9taire du Grand Conseil anglais, avec pouvoir de le conf\u00e9rer au sein de la juridiction anglaise.<br>En 1894 il conf\u00e9ra de la m\u00eame mani\u00e8re le grade de Moniteur Secret, ce qui occasionna le probl\u00e8me susmentionn\u00e9.<br>Le Souverain Coll\u00e8ge, suite \u00e0 l\u2019\u00e9lection d\u2019un nouveau Grand Ma\u00eetre, changea de si\u00e8ge et s\u2019installa \u00e0 Norway dans le Maine. Mais apr\u00e8s 1924, faute de gouvernance, ses membres vieillissant devinrent de moins en moins actifs et le Souverain Coll\u00e8ge se mit en sommeil.<br>Cependant, un autre ma\u00e7on tr\u00e8s actif, John Raymond Shute II, forma le 16 avril 1932 \u00e0 Salisbury, en Caroline du Nord, le \u00ab\u00a0Grand Conseil des Grades Ma\u00e7onniques Alli\u00e9s pour les Etats Unis d\u2019Am\u00e9rique\u00a0\u00bb. Il prit rapidement contact avec le Souverain Coll\u00e8ge du Maine, et \u00e0 la plus grande satisfaction de tous, l\u2019union des deux juridictions fut scell\u00e9e le 18 juillet 1933.<br>Il prit \u00e9galement contact avec le Supr\u00eame Grand Chapitre de l\u2019Arche Royale d\u2019Ecosse, dont le Premier Grand Principal, Lord Cassilis, accorda des Patentes au Grand Conseil am\u00e9ricain pour qu\u2019il int\u00e8gre, dans sa s\u00e9rie de grades, ceux d\u2019Excellent Ma\u00eetre et de Nautonier de l\u2019Arche Royale. Les trois grades de la Passe de Babylone qui faisaient partie de la transmission devaient \u00eatre rapidement abandonn\u00e9s en raison de la cr\u00e9ation concomitante de Conseils de Chevaliers Ma\u00e7ons d\u2019Irlande, dont le contenu rituel est quasiment identique.<br>Par la m\u00eame occasion, furent \u00e9galement import\u00e9s d\u2019Ecosse le grade de \u00ab\u00a0Trois Fois Illustre Ma\u00eetre\u00a0\u00bb d\u2019un Conseil Cryptique, lequel allait \u00eatre retravaill\u00e9 par le Grand Conseil des Ma\u00eetres Royaux &amp; Choisis de Caroline du Nord pour cr\u00e9er l\u2019Ordre de la Truelle d\u2019Argent, ainsi que le grade humoristique des Nobles Bouchons (Corks).<br>La \u00ab\u00a0Supr\u00eame Carri\u00e8re du Monde des Ma\u00e7ons de Tyr\u00a0\u00bb fond\u00e9e en 1930 \u00e0 Monroe, en Caroline du Nord, par John Ray Shute II, cessa rapidement toute activit\u00e9 en raison de l\u2019opposition de la Grande Loge symbolique de l\u2019Etat. Le grade unique de cette juridiction fut int\u00e9gr\u00e9 en 1933 dans la s\u00e9rie des grades du Grand Conseil am\u00e9ricain sous sa nouvelle appellation de \u00ab\u00a0Ma\u00eetre de Tyr\u00a0\u00bb.<br>Enfin, toujours en 1933, le Grand Conseil am\u00e9ricain int\u00e9gra \u00e0 sa s\u00e9rie de grades ceux d\u2019Architecte, de Grand Architecte, et de Surintendant, qui forment un syst\u00e8me complet et indissociable, ainsi que l\u2019Ordre de la Branche Rouge d\u2019Eri.<br>Le \u00ab\u00a0Grand Conseil de l\u2019Ordre des Grades Ma\u00e7onniques Alli\u00e9s pour la France\u00a0\u00bb, constitu\u00e9 le 19 f\u00e9vrier 1999 \u00e0 partir de trois Conseils Anglais, re\u00e7ut lors de sa premi\u00e8re assembl\u00e9e annuelle du 5 mars 1999, patente du Grand Conseil pour les Etats Unis d\u2019Am\u00e9rique pour pratiquer l\u2019int\u00e9gralit\u00e9 des grades par lui pratiqu\u00e9s, ne figurant pas dans la s\u00e9rie anglaise.<br>En 2016, le Grand Conseil fut renomm\u00e9 \u00ab\u00a0Grand Conseil de l\u2019Ordre des Grades Ma\u00e7onniques Alli\u00e9s en France\u00a0\u00bb. Fort de 660 membres, l\u2019Ordre compte aujourd\u2019hui 37 Conseils, dont 32 en France m\u00e9tropolitaine, 1 en Guadeloupe et 1 \u00e0 la R\u00e9union (1), et 3 Conseils \u00ab\u00a0outremer\u00a0\u00bb\u00a0au Togo, \u00e0 l\u2019Ile Maurice et en Andorre.<\/p>\n","protected":false},"excerpt":{"rendered":"<p>Historique de l\u2019Ordre des Grades Ma\u00e7onniques Alli\u00e9s en Angleterre, aux Etats-Unis, et en France Le bref historique qui suit est essentiellement tir\u00e9 de : \u00ab\u00a0The Order of the Allied Masonic Degrees\u00a0\u00bb par Harold H. Prestige publi\u00e9 en 1979; et de : \u00ab\u00a0A Centennial History of the Allied Masonic Degrees of the United States of America 1892-1992\u00a0\u00bb, par William G. Peacher, paru en 1993.En 1717, quand les quatre c\u00e9l\u00e8bres Loges londoniennes fond\u00e8rent la premi\u00e8re Grande Loge dans la taverne de l\u2019\u00ab\u00a0Oie et du Gril\u00a0\u00bb, leurs c\u00e9r\u00e9monies privil\u00e9giaient certains \u00e9v\u00e8nements marquants de la construction du Temple du Roi Salomon, alors que la plupart des Loges op\u00e9ratives baignaient dans un corpus l\u00e9gendaire d\u2019une incomparable vari\u00e9t\u00e9 qui appara\u00eet encore \u00e0 la lecture des \u00ab\u00a0Old Charges\u00a0\u00bb.Les directives de la jeune Grande Loge ne purent emp\u00eacher la transmission de ces rituels locaux peu r\u00e9pandus par certains de leurs membres qui ne souhaitaient pas voir dispara\u00eetre des pratiques auxquelles ils \u00e9taient fort attach\u00e9s, au b\u00e9n\u00e9fice de l\u2019uniformit\u00e9. L\u2019int\u00e9r\u00eat pour ces rituels connut un r\u00e9el renouveau lorsque fut fond\u00e9e en 1751 la Grande Loge des Anciens, en r\u00e9action \u00e0 l\u2019attitude centralisatrice de la Grande Loge de Londres. Cette Grande Loge des Anciens laissait, en effet, toute latitude \u00e0 ses Loges pour user de leur patente aux fins de travailler tous les grades ma\u00e7onniques en possession de l\u2019un ou l\u2019autre de leurs membres.La Ma\u00e7onnerie, apr\u00e8s avoir travers\u00e9 la Manche, s\u2019implanta sur le continent o\u00f9 elle connut un succ\u00e8s foudroyant et donna naissance \u00e0 quelques 1400 grades dont beaucoup ne sont que des variantes les uns des autres. Ces grades circul\u00e8rent \u00e0 travers toute l\u2019Europe et certains retourn\u00e8rent m\u00eame en Angleterre, berceau historique de la Ma\u00e7onnerie.Bien avant l\u2019Acte d\u2019Union de 1813, plusieurs corps ma\u00e7onniques furent constitu\u00e9s. Thomas Dunckerley organisa les Chevaliers du Temple en 1791\u00a0; et les Nautoniers de l\u2019Arche Royale en 1793. Deux autres organisations locales virent le jour : le \u00ab\u00a0Camp de Baldwyn\u00a0\u00bb (Baudouin) \u00e0 Bristol en 1780, et l\u2019\u00ab\u00a0Ordre Illustre des Chevaliers Grands-Croix de J\u00e9rusalem\u00a0\u00bb \u00e0 Newcastle-upon-Tyne, vers la fin des ann\u00e9es 1790.Suite \u00e0 l\u2019Union des deux Grandes Loges rivales, le Grand Ma\u00eetre, le Duc de Sussex, freina toute tentative d\u2019organisation de grades autres que les trois de la Ma\u00e7onnerie symbolique, et de leur compl\u00e9ment\u00a0: l\u2019Arche Royale. Ce n\u2019est qu\u2019apr\u00e8s son d\u00e9c\u00e8s en 1843 qu\u2019on put envisager de revigorer d\u2019autres grades.La \u00ab\u00a0Grande Loge des Ma\u00eetres Ma\u00e7ons de Marque\u00a0\u00bb fut fond\u00e9e en juin 1856, apr\u00e8s une tentative infructueuse d\u2019inclure le grade de Marque dans le corpus de la Ma\u00e7onnerie symbolique, comme c\u2019est le cas en Ecosse.Le \u00ab\u00a0Grand Conclave Imp\u00e9rial de la Croix Rouge de Rome et de Constantin\u00a0\u00bb fut \u00ab\u00a0reconstitu\u00e9\u00a0\u00bb en 1865.Le 9 ao\u00fbt 1879, veille de la f\u00eate de Saint Laurent, et \u00e0 l\u2019instigation de la Loge de \u00ab\u00a0Saint Laurent Metropolitan\u00a0\u00bb \u00e0 Londres, fut cr\u00e9\u00e9 le Conseil des Grades Collat\u00e9raux (ou Side Degrees) qui l\u2019ann\u00e9e suivante changea son nom en \u00ab\u00a0Grand Conseil des Grades Ma\u00e7onniques Alli\u00e9s\u00a0\u00bb.En 1870, existaient en plus de ces corps souverains : Divers autres grades vinrent se placer sous la juridiction du nouveau Grand Conseil au cours des ann\u00e9es qui suivirent.Un conflit dut cependant \u00eatre r\u00e9gl\u00e9. Le Supr\u00eame Conseil d\u2019Angleterre du Rite Ecossais Ancien &amp; Accept\u00e9 contestait la pratique du Grade de la Croix Rouge de Babylone, au pr\u00e9texte qu\u2019il figurait aux 14\u00e8me et 15\u00e8me degr\u00e9s de leur s\u00e9rie. Cette pr\u00e9tention fut toutefois abandonn\u00e9e et donna lieu \u00e0 un accord sign\u00e9 le 24 juillet 1893.La m\u00eame ann\u00e9e, le Grand Conseil obtint du Tabernacle \u00ab\u00a0Royal Kent\u00a0\u00bb de Newcastle une impressionnante s\u00e9rie de grades et Ordres, dont le plus significatif \u00e9tait celui de \u00ab\u00a0Chevalier du Temple Pr\u00eatre de la Sainte Arche Royale\u00a0\u00bb, ou \u00ab\u00a0Ordre de la Sainte Sagesse\u00a0\u00bb. A la suite de n\u00e9gociations avort\u00e9es sur le possible transfert de cet Ordre sous l\u2019autorit\u00e9 du Grand Prieur\u00e9 du Temple, c\u2019est finalement en mai 1923 que se constitua en tant que corps souverain le \u00ab\u00a0Grand Coll\u00e8ge des Chevaliers du Temple Pr\u00eatres de la Sainte Arche Royale\u00a0\u00bb. Le Grand Conseil abandonna sa juridiction sur ces grades le 17 novembre 1924.Pendant trente-sept ans, de 1894 \u00e0 1931, le Grand Conseil administra l\u2019Ordre du Moniteur Secret qui lui avait \u00e9t\u00e9 transmis par le Grand Coll\u00e8ge am\u00e9ricain, rival du \u00ab\u00a0Grand Conseil de l\u2019Ordre du Moniteur Secret\u00a0\u00bb fond\u00e9 en 1887 en Angleterre par le Dr. Isaachar Zacharie.En 1909 fut d\u00e9finitivement r\u00e9gl\u00e9 l\u2019int\u00e9gration du grade de Chevalier de Constantinople dont un Grand Conseil souverain tentait difficilement d\u2019exister depuis 1866 \u00e0 Plymouth.Aux Etats-Unis, le R\u00e9v\u00e9rend Hartley Carmichael fonda le 14 janvier 1892 \u00e0 Richmond, en Virginie, le \u00ab\u00a0Souverain Coll\u00e8ge des Grades Alli\u00e9s Ma\u00e7onniques et Chr\u00e9tiens\u00a0\u00bb avec quelques ma\u00e7ons \u00e9minents auxquels il avait communiqu\u00e9 un certain nombre de grades pr\u00e9alablement re\u00e7us dans l\u2019Ontario, au Canada. Ce Souverain Grand Coll\u00e8ge administrait \u00e0 l\u2019\u00e9poque une quinzaine de grades dont certains rituels n\u2019ont pas \u00e9t\u00e9 retrouv\u00e9s.Le R\u00e9v\u00e9rend Carmichael prit imm\u00e9diatement contact avec le Grand Conseil d\u2019Angleterre et se fit communiquer par le Comte d\u2019Euston, alors Grand Ma\u00eetre, le texte des rituels anglais. Les deux Grands Ma\u00eetres s\u2019\u00e9chang\u00e8rent en outre des patentes de Garants d\u2019Amiti\u00e9 aupr\u00e8s de leurs juridictions respectives.Il conf\u00e9ra de plus le grade de Grand Tuileur de Salomon \u00e0 Charles Fitzgerald Matier, Grand Secr\u00e9taire du Grand Conseil anglais, avec pouvoir de le conf\u00e9rer au sein de la juridiction anglaise.En 1894 il conf\u00e9ra de la m\u00eame mani\u00e8re le grade de Moniteur Secret, ce qui occasionna le probl\u00e8me susmentionn\u00e9.Le Souverain Coll\u00e8ge, suite \u00e0 l\u2019\u00e9lection d\u2019un nouveau Grand Ma\u00eetre, changea de si\u00e8ge et s\u2019installa \u00e0 Norway dans le Maine. Mais apr\u00e8s 1924, faute de gouvernance, ses membres vieillissant devinrent de moins en moins actifs et le Souverain Coll\u00e8ge se mit en sommeil.Cependant, un autre ma\u00e7on tr\u00e8s actif, John Raymond Shute II, forma le 16 avril 1932 \u00e0 Salisbury, en Caroline du Nord, le \u00ab\u00a0Grand Conseil des Grades Ma\u00e7onniques Alli\u00e9s pour les Etats Unis d\u2019Am\u00e9rique\u00a0\u00bb. Il prit rapidement contact avec le Souverain Coll\u00e8ge du Maine, et \u00e0 la plus grande satisfaction de tous, l\u2019union des deux juridictions fut scell\u00e9e le 18 juillet 1933.Il prit \u00e9galement contact avec le Supr\u00eame Grand Chapitre de l\u2019Arche Royale d\u2019Ecosse, dont le Premier Grand Principal, Lord Cassilis, accorda des Patentes au Grand Conseil am\u00e9ricain pour qu\u2019il int\u00e8gre, dans sa s\u00e9rie de grades, ceux d\u2019Excellent Ma\u00eetre et de Nautonier de l\u2019Arche Royale. Les trois grades de la Passe de Babylone qui faisaient partie de la transmission devaient \u00eatre rapidement abandonn\u00e9s en raison de la cr\u00e9ation concomitante de Conseils de Chevaliers Ma\u00e7ons d\u2019Irlande, dont le contenu rituel est quasiment identique.Par la m\u00eame occasion, furent \u00e9galement import\u00e9s d\u2019Ecosse le grade de \u00ab\u00a0Trois Fois Illustre Ma\u00eetre\u00a0\u00bb d\u2019un Conseil Cryptique, lequel allait \u00eatre retravaill\u00e9 par le Grand Conseil des Ma\u00eetres Royaux &amp; Choisis de Caroline du Nord pour cr\u00e9er l\u2019Ordre de la Truelle d\u2019Argent, ainsi que le grade humoristique des Nobles Bouchons (Corks).La \u00ab\u00a0Supr\u00eame Carri\u00e8re du Monde des Ma\u00e7ons de Tyr\u00a0\u00bb fond\u00e9e en 1930 \u00e0 Monroe, en Caroline du Nord, par John Ray Shute II, cessa rapidement toute activit\u00e9 en raison de l\u2019opposition de la Grande Loge symbolique de l\u2019Etat. Le grade unique de cette juridiction fut int\u00e9gr\u00e9 en 1933 dans la s\u00e9rie des grades du Grand Conseil am\u00e9ricain sous sa nouvelle appellation de \u00ab\u00a0Ma\u00eetre de Tyr\u00a0\u00bb.Enfin, toujours en 1933, le Grand Conseil am\u00e9ricain int\u00e9gra \u00e0 sa s\u00e9rie de grades ceux d\u2019Architecte, de Grand Architecte, et de Surintendant, qui forment un syst\u00e8me complet et indissociable, ainsi que l\u2019Ordre de la Branche Rouge d\u2019Eri.Le \u00ab\u00a0Grand Conseil de l\u2019Ordre des Grades Ma\u00e7onniques Alli\u00e9s pour la France\u00a0\u00bb, constitu\u00e9 le 19 f\u00e9vrier 1999 \u00e0 partir de trois Conseils Anglais, re\u00e7ut lors de sa premi\u00e8re assembl\u00e9e annuelle du 5 mars 1999, patente du Grand Conseil pour les Etats Unis d\u2019Am\u00e9rique pour pratiquer l\u2019int\u00e9gralit\u00e9 des grades par lui pratiqu\u00e9s, ne figurant pas dans la s\u00e9rie anglaise.En 2016, le Grand Conseil fut renomm\u00e9 \u00ab\u00a0Grand Conseil de l\u2019Ordre des Grades Ma\u00e7onniques Alli\u00e9s en France\u00a0\u00bb. Fort de 660 membres, l\u2019Ordre compte aujourd\u2019hui 37 Conseils, dont 32 en France m\u00e9tropolitaine, 1 en Guadeloupe et 1 \u00e0 la R\u00e9union (1), et 3 Conseils \u00ab\u00a0outremer\u00a0\u00bb\u00a0au Togo, \u00e0 l\u2019Ile Maurice et en Andorre.<\/p>\n","protected":false},"author":1,"featured_media":0,"parent":0,"menu_order":0,"comment_status":"closed","ping_status":"closed","template":"","meta":{"footnotes":""},"class_list":["post-36","page","type-page","status-publish","hentry"],"_links":{"self":[{"href":"https:\/\/www.gcgmaf.org\/index.php\/wp-json\/wp\/v2\/pages\/36","targetHints":{"allow":["GET"]}}],"collection":[{"href":"https:\/\/www.gcgmaf.org\/index.php\/wp-json\/wp\/v2\/pages"}],"about":[{"href":"https:\/\/www.gcgmaf.org\/index.php\/wp-json\/wp\/v2\/types\/page"}],"author":[{"embeddable":true,"href":"https:\/\/www.gcgmaf.org\/index.php\/wp-json\/wp\/v2\/users\/1"}],"replies":[{"embeddable":true,"href":"https:\/\/www.gcgmaf.org\/index.php\/wp-json\/wp\/v2\/comments?post=36"}],"version-history":[{"count":8,"href":"https:\/\/www.gcgmaf.org\/index.php\/wp-json\/wp\/v2\/pages\/36\/revisions"}],"predecessor-version":[{"id":140,"href":"https:\/\/www.gcgmaf.org\/index.php\/wp-json\/wp\/v2\/pages\/36\/revisions\/140"}],"wp:attachment":[{"href":"https:\/\/www.gcgmaf.org\/index.php\/wp-json\/wp\/v2\/media?parent=36"}],"curies":[{"name":"wp","href":"https:\/\/api.w.org\/{rel}","templated":true}]}}