{"id":77,"date":"2025-10-01T21:22:07","date_gmt":"2025-10-01T21:22:07","guid":{"rendered":"https:\/\/www.gcgmaf.org\/?page_id=77"},"modified":"2025-10-13T08:05:14","modified_gmt":"2025-10-13T08:05:14","slug":"grades-internationaux","status":"publish","type":"page","link":"https:\/\/www.gcgmaf.org\/index.php\/grades-internationaux\/","title":{"rendered":"Dans le monde"},"content":{"rendered":"\n<p class=\"has-text-align-center\">Cartographie g\u00e9n\u00e9rale internationale des grades ma\u00e7onniques alli\u00e9s :<\/p>\n\n\n<div class=\"wp-block-image\">\n<figure class=\"aligncenter size-full\"><img loading=\"lazy\" decoding=\"async\" width=\"563\" height=\"672\" src=\"http:\/\/www.gcgmaf.org\/wp-content\/uploads\/2025\/10\/Capture-decran-2025-03-30-235732.jpg\" alt=\"\" class=\"wp-image-72\" srcset=\"https:\/\/www.gcgmaf.org\/wp-content\/uploads\/2025\/10\/Capture-decran-2025-03-30-235732.jpg 563w, https:\/\/www.gcgmaf.org\/wp-content\/uploads\/2025\/10\/Capture-decran-2025-03-30-235732-251x300.jpg 251w\" sizes=\"auto, (max-width: 563px) 100vw, 563px\" \/><\/figure>\n<\/div>","protected":false},"excerpt":{"rendered":"<p>Cartographie g\u00e9n\u00e9rale internationale des grades ma\u00e7onniques alli\u00e9s :<\/p>\n","protected":false},"author":1,"featured_media":0,"parent":0,"menu_order":0,"comment_status":"closed","ping_status":"closed","template":"","meta":{"footnotes":""},"class_list":["post-77","page","type-page","status-publish","hentry"],"_links":{"self":[{"href":"https:\/\/www.gcgmaf.org\/index.php\/wp-json\/wp\/v2\/pages\/77","targetHints":{"allow":["GET"]}}],"collection":[{"href":"https:\/\/www.gcgmaf.org\/index.php\/wp-json\/wp\/v2\/pages"}],"about":[{"href":"https:\/\/www.gcgmaf.org\/index.php\/wp-json\/wp\/v2\/types\/page"}],"author":[{"embeddable":true,"href":"https:\/\/www.gcgmaf.org\/index.php\/wp-json\/wp\/v2\/users\/1"}],"replies":[{"embeddable":true,"href":"https:\/\/www.gcgmaf.org\/index.php\/wp-json\/wp\/v2\/comments?post=77"}],"version-history":[{"count":8,"href":"https:\/\/www.gcgmaf.org\/index.php\/wp-json\/wp\/v2\/pages\/77\/revisions"}],"predecessor-version":[{"id":128,"href":"https:\/\/www.gcgmaf.org\/index.php\/wp-json\/wp\/v2\/pages\/77\/revisions\/128"}],"wp:attachment":[{"href":"https:\/\/www.gcgmaf.org\/index.php\/wp-json\/wp\/v2\/media?parent=77"}],"curies":[{"name":"wp","href":"https:\/\/api.w.org\/{rel}","templated":true}]}}